{"id":601,"date":"2024-09-19T09:50:56","date_gmt":"2024-09-19T09:50:56","guid":{"rendered":"https:\/\/czarnestudio.pl\/?page_id=601"},"modified":"2024-09-19T10:43:15","modified_gmt":"2024-09-19T10:43:15","slug":"blog","status":"publish","type":"page","link":"https:\/\/czarnestudio.pl\/index.php\/blog\/","title":{"rendered":"Blog"},"content":{"rendered":"\t\t<div data-elementor-type=\"wp-page\" data-elementor-id=\"601\" class=\"elementor elementor-601\">\n\t\t\t\t\t\t<header class=\"elementor-section elementor-top-section elementor-element elementor-element-22003559 elementor-section-content-middle elementor-section-height-min-height elementor-section-boxed elementor-section-height-default elementor-section-items-middle\" data-id=\"22003559\" data-element_type=\"section\" data-settings=\"{&quot;background_background&quot;:&quot;classic&quot;}\">\n\t\t\t\t\t\t<div class=\"elementor-container elementor-column-gap-no\">\n\t\t\t\t\t<div class=\"elementor-column elementor-col-25 elementor-top-column elementor-element elementor-element-4a084df2\" data-id=\"4a084df2\" data-element_type=\"column\">\n\t\t\t<div class=\"elementor-widget-wrap elementor-element-populated\">\n\t\t\t\t\t\t<div class=\"elementor-element elementor-element-3076922c elementor-widget__width-initial elementor-widget elementor-widget-image\" data-id=\"3076922c\" data-element_type=\"widget\" data-widget_type=\"image.default\">\n\t\t\t\t<div class=\"elementor-widget-container\">\n\t\t\t\t\t\t\t\t\t\t\t\t\t\t\t\t<a href=\"http:\/\/www.czarnestudio.pl\">\n\t\t\t\t\t\t\t<img decoding=\"async\" width=\"150\" height=\"150\" src=\"https:\/\/czarnestudio.pl\/wp-content\/uploads\/2023\/09\/Czarne-Studio-profilowe-logo-bez-ramki-biale-1-150x150.jpg\" class=\"attachment-thumbnail size-thumbnail wp-image-59\" alt=\"\" srcset=\"https:\/\/czarnestudio.pl\/wp-content\/uploads\/2023\/09\/Czarne-Studio-profilowe-logo-bez-ramki-biale-1-150x150.jpg 150w, https:\/\/czarnestudio.pl\/wp-content\/uploads\/2023\/09\/Czarne-Studio-profilowe-logo-bez-ramki-biale-1-300x300.jpg 300w, https:\/\/czarnestudio.pl\/wp-content\/uploads\/2023\/09\/Czarne-Studio-profilowe-logo-bez-ramki-biale-1-1024x1024.jpg 1024w, https:\/\/czarnestudio.pl\/wp-content\/uploads\/2023\/09\/Czarne-Studio-profilowe-logo-bez-ramki-biale-1-768x768.jpg 768w, https:\/\/czarnestudio.pl\/wp-content\/uploads\/2023\/09\/Czarne-Studio-profilowe-logo-bez-ramki-biale-1.jpg 1200w\" sizes=\"(max-width: 150px) 100vw, 150px\" \/>\t\t\t\t\t\t\t\t<\/a>\n\t\t\t\t\t\t\t\t\t\t\t\t\t\t\t<\/div>\n\t\t\t\t<\/div>\n\t\t\t\t\t<\/div>\n\t\t<\/div>\n\t\t\t\t<div class=\"elementor-column elementor-col-50 elementor-top-column elementor-element elementor-element-30ebcb01\" data-id=\"30ebcb01\" data-element_type=\"column\">\n\t\t\t<div class=\"elementor-widget-wrap elementor-element-populated\">\n\t\t\t\t\t\t<div class=\"elementor-element elementor-element-3c3c0837 elementor-nav-menu__align-right elementor-nav-menu--stretch elementor-nav-menu--dropdown-tablet elementor-nav-menu__text-align-aside elementor-nav-menu--toggle elementor-nav-menu--burger elementor-widget elementor-widget-nav-menu\" data-id=\"3c3c0837\" data-element_type=\"widget\" data-settings=\"{&quot;full_width&quot;:&quot;stretch&quot;,&quot;layout&quot;:&quot;horizontal&quot;,&quot;submenu_icon&quot;:{&quot;value&quot;:&quot;&lt;i class=\\&quot;fas fa-caret-down\\&quot;&gt;&lt;\\\/i&gt;&quot;,&quot;library&quot;:&quot;fa-solid&quot;},&quot;toggle&quot;:&quot;burger&quot;}\" data-widget_type=\"nav-menu.default\">\n\t\t\t\t<div class=\"elementor-widget-container\">\n\t\t\t\t\t\t\t\t<nav migration_allowed=\"1\" migrated=\"0\" role=\"navigation\" class=\"elementor-nav-menu--main elementor-nav-menu__container elementor-nav-menu--layout-horizontal e--pointer-underline e--animation-fade\">\n\t\t\t\t<ul id=\"menu-1-3c3c0837\" class=\"elementor-nav-menu\"><li class=\"menu-item menu-item-type-post_type menu-item-object-page menu-item-646\"><a href=\"https:\/\/czarnestudio.pl\/index.php\/blog\/\" class=\"elementor-item\">Blog<\/a><\/li>\n<li class=\"menu-item menu-item-type-post_type menu-item-object-page menu-item-74\"><a href=\"https:\/\/czarnestudio.pl\/index.php\/grafika\/\" class=\"elementor-item\">Realizacje<\/a><\/li>\n<li class=\"menu-item menu-item-type-post_type menu-item-object-page menu-item-home menu-item-has-children menu-item-76\"><a href=\"https:\/\/czarnestudio.pl\/\" class=\"elementor-item\">Oferta<\/a>\n<ul class=\"sub-menu elementor-nav-menu--dropdown\">\n\t<li class=\"menu-item menu-item-type-post_type menu-item-object-page menu-item-600\"><a href=\"https:\/\/czarnestudio.pl\/index.php\/strona-parafialna\/\" class=\"elementor-sub-item\">Strona parafialna<\/a><\/li>\n<\/ul>\n<\/li>\n<li class=\"menu-item menu-item-type-post_type menu-item-object-page menu-item-75\"><a href=\"https:\/\/czarnestudio.pl\/index.php\/kontakt\/\" class=\"elementor-item\">Kontakt<\/a><\/li>\n<\/ul>\t\t\t<\/nav>\n\t\t\t\t\t<div class=\"elementor-menu-toggle\" role=\"button\" tabindex=\"0\" aria-label=\"Menu Toggle\" aria-expanded=\"false\">\n\t\t\t<i aria-hidden=\"true\" role=\"presentation\" class=\"elementor-menu-toggle__icon--open eicon-menu-bar\"><\/i><i aria-hidden=\"true\" role=\"presentation\" class=\"elementor-menu-toggle__icon--close eicon-close\"><\/i>\t\t\t<span class=\"elementor-screen-only\">Menu<\/span>\n\t\t<\/div>\n\t\t\t<nav class=\"elementor-nav-menu--dropdown elementor-nav-menu__container\" role=\"navigation\" aria-hidden=\"true\">\n\t\t\t\t<ul id=\"menu-2-3c3c0837\" class=\"elementor-nav-menu\"><li class=\"menu-item menu-item-type-post_type menu-item-object-page menu-item-646\"><a href=\"https:\/\/czarnestudio.pl\/index.php\/blog\/\" class=\"elementor-item\" tabindex=\"-1\">Blog<\/a><\/li>\n<li class=\"menu-item menu-item-type-post_type menu-item-object-page menu-item-74\"><a href=\"https:\/\/czarnestudio.pl\/index.php\/grafika\/\" class=\"elementor-item\" tabindex=\"-1\">Realizacje<\/a><\/li>\n<li class=\"menu-item menu-item-type-post_type menu-item-object-page menu-item-home menu-item-has-children menu-item-76\"><a href=\"https:\/\/czarnestudio.pl\/\" class=\"elementor-item\" tabindex=\"-1\">Oferta<\/a>\n<ul class=\"sub-menu elementor-nav-menu--dropdown\">\n\t<li class=\"menu-item menu-item-type-post_type menu-item-object-page menu-item-600\"><a href=\"https:\/\/czarnestudio.pl\/index.php\/strona-parafialna\/\" class=\"elementor-sub-item\" tabindex=\"-1\">Strona parafialna<\/a><\/li>\n<\/ul>\n<\/li>\n<li class=\"menu-item menu-item-type-post_type menu-item-object-page menu-item-75\"><a href=\"https:\/\/czarnestudio.pl\/index.php\/kontakt\/\" class=\"elementor-item\" tabindex=\"-1\">Kontakt<\/a><\/li>\n<\/ul>\t\t\t<\/nav>\n\t\t\t\t\t\t<\/div>\n\t\t\t\t<\/div>\n\t\t\t\t\t<\/div>\n\t\t<\/div>\n\t\t\t\t<div class=\"elementor-column elementor-col-25 elementor-top-column elementor-element elementor-element-5479d530\" data-id=\"5479d530\" data-element_type=\"column\">\n\t\t\t<div class=\"elementor-widget-wrap elementor-element-populated\">\n\t\t\t\t\t\t<div class=\"elementor-element elementor-element-7f2fc848 elementor-search-form--skin-full_screen elementor-widget elementor-widget-search-form\" data-id=\"7f2fc848\" data-element_type=\"widget\" data-settings=\"{&quot;skin&quot;:&quot;full_screen&quot;}\" data-widget_type=\"search-form.default\">\n\t\t\t\t<div class=\"elementor-widget-container\">\n\t\t\t\t\t\t\t<form class=\"elementor-search-form\" role=\"search\" action=\"https:\/\/czarnestudio.pl\" method=\"get\">\n\t\t\t\t\t\t\t\t\t<div class=\"elementor-search-form__toggle\">\n\t\t\t\t<i aria-hidden=\"true\" class=\"fas fa-search\"><\/i>\t\t\t\t<span class=\"elementor-screen-only\">Search<\/span>\n\t\t\t<\/div>\n\t\t\t\t\t\t<div class=\"elementor-search-form__container\">\n\t\t\t\t\t\t\t\t<input placeholder=\"Search...\" class=\"elementor-search-form__input\" type=\"search\" name=\"s\" title=\"Search\" value=\"\">\n\t\t\t\t\t\t\t\t\t\t\t\t\t\t\t\t<div class=\"dialog-lightbox-close-button dialog-close-button\">\n\t\t\t\t\t<i aria-hidden=\"true\" class=\"eicon-close\"><\/i>\t\t\t\t\t<span class=\"elementor-screen-only\">Close<\/span>\n\t\t\t\t<\/div>\n\t\t\t\t\t\t\t<\/div>\n\t\t<\/form>\n\t\t\t\t\t\t<\/div>\n\t\t\t\t<\/div>\n\t\t\t\t\t<\/div>\n\t\t<\/div>\n\t\t\t\t\t<\/div>\n\t\t<\/header>\n\t\t\t\t<section class=\"elementor-section elementor-top-section elementor-element elementor-element-4d22499 elementor-section-boxed elementor-section-height-default elementor-section-height-default\" data-id=\"4d22499\" data-element_type=\"section\" data-settings=\"{&quot;background_background&quot;:&quot;classic&quot;}\">\n\t\t\t\t\t\t<div class=\"elementor-container elementor-column-gap-default\">\n\t\t\t\t\t<div class=\"elementor-column elementor-col-100 elementor-top-column elementor-element elementor-element-a23609f\" data-id=\"a23609f\" data-element_type=\"column\">\n\t\t\t<div class=\"elementor-widget-wrap elementor-element-populated\">\n\t\t\t\t\t\t<div class=\"elementor-element elementor-element-55101de elementor-grid-3 elementor-grid-tablet-2 elementor-grid-mobile-1 elementor-posts--thumbnail-top elementor-card-shadow-yes elementor-posts__hover-gradient elementor-widget elementor-widget-posts\" data-id=\"55101de\" data-element_type=\"widget\" data-settings=\"{&quot;cards_row_gap&quot;:{&quot;unit&quot;:&quot;px&quot;,&quot;size&quot;:23,&quot;sizes&quot;:[]},&quot;cards_columns&quot;:&quot;3&quot;,&quot;cards_columns_tablet&quot;:&quot;2&quot;,&quot;cards_columns_mobile&quot;:&quot;1&quot;,&quot;cards_row_gap_tablet&quot;:{&quot;unit&quot;:&quot;px&quot;,&quot;size&quot;:&quot;&quot;,&quot;sizes&quot;:[]},&quot;cards_row_gap_mobile&quot;:{&quot;unit&quot;:&quot;px&quot;,&quot;size&quot;:&quot;&quot;,&quot;sizes&quot;:[]}}\" data-widget_type=\"posts.cards\">\n\t\t\t\t<div class=\"elementor-widget-container\">\n\t\t\t\t\t\t\t<div class=\"elementor-posts-container elementor-posts elementor-posts--skin-cards elementor-grid\">\n\t\t\t\t<article class=\"elementor-post elementor-grid-item post-604 post type-post status-publish format-standard has-post-thumbnail hentry category-uncategorized\">\n\t\t\t<div class=\"elementor-post__card\">\n\t\t\t\t<a class=\"elementor-post__thumbnail__link\" href=\"https:\/\/czarnestudio.pl\/index.php\/2024\/09\/19\/swiatowy-dzien-emotikona\/\" ><div class=\"elementor-post__thumbnail\"><img fetchpriority=\"high\" decoding=\"async\" width=\"300\" height=\"300\" src=\"https:\/\/czarnestudio.pl\/wp-content\/uploads\/2024\/09\/Lightning-Yellow-Vibrant-Emoticon-World-Emoji-Day-Instagram-Post-300x300.jpg\" class=\"attachment-medium size-medium wp-image-612\" alt=\"\" srcset=\"https:\/\/czarnestudio.pl\/wp-content\/uploads\/2024\/09\/Lightning-Yellow-Vibrant-Emoticon-World-Emoji-Day-Instagram-Post-300x300.jpg 300w, https:\/\/czarnestudio.pl\/wp-content\/uploads\/2024\/09\/Lightning-Yellow-Vibrant-Emoticon-World-Emoji-Day-Instagram-Post-1024x1024.jpg 1024w, https:\/\/czarnestudio.pl\/wp-content\/uploads\/2024\/09\/Lightning-Yellow-Vibrant-Emoticon-World-Emoji-Day-Instagram-Post-150x150.jpg 150w, https:\/\/czarnestudio.pl\/wp-content\/uploads\/2024\/09\/Lightning-Yellow-Vibrant-Emoticon-World-Emoji-Day-Instagram-Post-768x768.jpg 768w, https:\/\/czarnestudio.pl\/wp-content\/uploads\/2024\/09\/Lightning-Yellow-Vibrant-Emoticon-World-Emoji-Day-Instagram-Post-1536x1536.jpg 1536w, https:\/\/czarnestudio.pl\/wp-content\/uploads\/2024\/09\/Lightning-Yellow-Vibrant-Emoticon-World-Emoji-Day-Instagram-Post-2048x2048.jpg 2048w\" sizes=\"(max-width: 300px) 100vw, 300px\" \/><\/div><\/a>\n\t\t\t\t<div class=\"elementor-post__badge\">Uncategorized<\/div>\n\t\t\t\t<div class=\"elementor-post__text\">\n\t\t\t\t<h3 class=\"elementor-post__title\">\n\t\t\t<a href=\"https:\/\/czarnestudio.pl\/index.php\/2024\/09\/19\/swiatowy-dzien-emotikona\/\" >\n\t\t\t\t\u015awiatowy Dzie\u0144 Emotikona\t\t\t<\/a>\n\t\t<\/h3>\n\t\t\t\t<div class=\"elementor-post__excerpt\">\n\t\t\t<p>W dzisiejszym \u015bwiecie marketingu, emotikony znalaz\u0142y swoje niezast\u0105pione miejsce, rewolucjonizuj\u0105c spos\u00f3b, w jaki marki komunikuj\u0105 si\u0119 z odbiorcami. Te ma\u0142e, graficzne symbole potrafi\u0105 znacz\u0105co zwi\u0119kszy\u0107 zaanga\u017cowanie i przyci\u0105gn\u0105\u0107 uwag\u0119 konsument\u00f3w, czyni\u0105c przes\u0142anie bardziej interaktywnym i zabawnym.<\/p>\n\t\t<\/div>\n\t\t\t\t\t<a class=\"elementor-post__read-more\" href=\"https:\/\/czarnestudio.pl\/index.php\/2024\/09\/19\/swiatowy-dzien-emotikona\/\" >\n\t\t\t\tCzytaj dalej \u00bb\t\t\t<\/a>\n\t\t\t\t<\/div>\n\t\t\t\t<div class=\"elementor-post__meta-data\">\n\t\t\t\t\t<span class=\"elementor-post-date\">\n\t\t\t19\/09\/2024\t\t<\/span>\n\t\t\t\t<\/div>\n\t\t\t\t\t<\/div>\n\t\t<\/article>\n\t\t\t\t<\/div>\n\n\n\t\t\n\t\t\t\t\t\t<\/div>\n\t\t\t\t<\/div>\n\t\t\t\t\t<\/div>\n\t\t<\/div>\n\t\t\t\t\t<\/div>\n\t\t<\/section>\n\t\t\t\t<section class=\"elementor-section elementor-top-section elementor-element elementor-element-7c52ebde elementor-section-boxed elementor-section-height-default elementor-section-height-default\" data-id=\"7c52ebde\" data-element_type=\"section\" data-settings=\"{&quot;background_background&quot;:&quot;gradient&quot;}\">\n\t\t\t\t\t\t<div class=\"elementor-container elementor-column-gap-default\">\n\t\t\t\t\t<div class=\"elementor-column elementor-col-50 elementor-top-column elementor-element elementor-element-4547956e\" data-id=\"4547956e\" data-element_type=\"column\">\n\t\t\t<div class=\"elementor-widget-wrap elementor-element-populated\">\n\t\t\t\t\t\t<div class=\"elementor-element elementor-element-1891ff91 elementor-widget elementor-widget-text-editor\" data-id=\"1891ff91\" data-element_type=\"widget\" data-widget_type=\"text-editor.default\">\n\t\t\t\t<div class=\"elementor-widget-container\">\n\t\t\t\t\t\t\t\t\t<p><span style=\"color: #acacac; font-family: 'Pragati Narrow', sans-serif; font-size: 11px; text-align: right; background-color: #000000;\">COPYRIGHT \u00a9 2023 CZARNE STUDIO. ALL RIGHTS RESERVED. CREATED BY<\/span><\/p>\t\t\t\t\t\t\t\t<\/div>\n\t\t\t\t<\/div>\n\t\t\t\t\t<\/div>\n\t\t<\/div>\n\t\t\t\t<div class=\"elementor-column elementor-col-50 elementor-top-column elementor-element elementor-element-3178ff00\" data-id=\"3178ff00\" data-element_type=\"column\">\n\t\t\t<div class=\"elementor-widget-wrap elementor-element-populated\">\n\t\t\t\t\t\t<div class=\"elementor-element elementor-element-3cabb6a2 elementor-widget elementor-widget-image\" data-id=\"3cabb6a2\" data-element_type=\"widget\" data-widget_type=\"image.default\">\n\t\t\t\t<div class=\"elementor-widget-container\">\n\t\t\t\t\t\t\t\t\t\t\t\t\t\t\t<img decoding=\"async\" width=\"640\" height=\"640\" src=\"https:\/\/czarnestudio.pl\/wp-content\/uploads\/2023\/09\/Czarne-Studio-profilowe-logo-bez-ramki-biale-1-1024x1024.jpg\" class=\"attachment-large size-large wp-image-59\" alt=\"\" srcset=\"https:\/\/czarnestudio.pl\/wp-content\/uploads\/2023\/09\/Czarne-Studio-profilowe-logo-bez-ramki-biale-1-1024x1024.jpg 1024w, https:\/\/czarnestudio.pl\/wp-content\/uploads\/2023\/09\/Czarne-Studio-profilowe-logo-bez-ramki-biale-1-300x300.jpg 300w, https:\/\/czarnestudio.pl\/wp-content\/uploads\/2023\/09\/Czarne-Studio-profilowe-logo-bez-ramki-biale-1-150x150.jpg 150w, https:\/\/czarnestudio.pl\/wp-content\/uploads\/2023\/09\/Czarne-Studio-profilowe-logo-bez-ramki-biale-1-768x768.jpg 768w, https:\/\/czarnestudio.pl\/wp-content\/uploads\/2023\/09\/Czarne-Studio-profilowe-logo-bez-ramki-biale-1.jpg 1200w\" sizes=\"(max-width: 640px) 100vw, 640px\" \/>\t\t\t\t\t\t\t\t\t\t\t\t\t\t\t<\/div>\n\t\t\t\t<\/div>\n\t\t\t\t\t<\/div>\n\t\t<\/div>\n\t\t\t\t\t<\/div>\n\t\t<\/section>\n\t\t\t\t<\/div>\n\t\t","protected":false},"excerpt":{"rendered":"<p>COPYRIGHT \u00a9 2023 CZARNE STUDIO. ALL RIGHTS RESERVED. CREATED BY<\/p>\n","protected":false},"author":1,"featured_media":0,"parent":0,"menu_order":0,"comment_status":"closed","ping_status":"closed","template":"elementor_canvas","meta":{"footnotes":""},"class_list":["post-601","page","type-page","status-publish","hentry"],"_links":{"self":[{"href":"https:\/\/czarnestudio.pl\/index.php\/wp-json\/wp\/v2\/pages\/601"}],"collection":[{"href":"https:\/\/czarnestudio.pl\/index.php\/wp-json\/wp\/v2\/pages"}],"about":[{"href":"https:\/\/czarnestudio.pl\/index.php\/wp-json\/wp\/v2\/types\/page"}],"author":[{"embeddable":true,"href":"https:\/\/czarnestudio.pl\/index.php\/wp-json\/wp\/v2\/users\/1"}],"replies":[{"embeddable":true,"href":"https:\/\/czarnestudio.pl\/index.php\/wp-json\/wp\/v2\/comments?post=601"}],"version-history":[{"count":13,"href":"https:\/\/czarnestudio.pl\/index.php\/wp-json\/wp\/v2\/pages\/601\/revisions"}],"predecessor-version":[{"id":645,"href":"https:\/\/czarnestudio.pl\/index.php\/wp-json\/wp\/v2\/pages\/601\/revisions\/645"}],"wp:attachment":[{"href":"https:\/\/czarnestudio.pl\/index.php\/wp-json\/wp\/v2\/media?parent=601"}],"curies":[{"name":"wp","href":"https:\/\/api.w.org\/{rel}","templated":true}]}}